{"id":395,"date":"2021-09-24T11:01:18","date_gmt":"2021-09-24T09:01:18","guid":{"rendered":"https:\/\/moltrasioasd.it\/?page_id=395"},"modified":"2021-09-24T11:13:12","modified_gmt":"2021-09-24T09:13:12","slug":"i-sostenitori","status":"publish","type":"page","link":"https:\/\/moltrasioasd.it\/index.php\/i-sostenitori\/","title":{"rendered":"I Sostenitori"},"content":{"rendered":"\n<p>Diventa anche tu un sostenitore della Moltrasio ASD, il tuo aiuto \u00e8 prezioso per l&#8217;organizzazione delle gare e per gli allenamenti dei nostri ragazzi oltre che per tutte le attivit\u00e0 di aggregazione sostenute dalla societ\u00e0.<\/p>\n\n\n\n<p><strong>Sei interessato a ricevere la tessera?<\/strong><br>Richiedila scrivendo a info@moltrasioasd.it e inserendo nell\u2019oggetto della mail \u201cRICHIESTA TESSERA SOSTENITORI\u201d, saremo lieti di avere il tuo contributo!<\/p>\n\n\n\n<p>Inoltre quest&#8217;anno per i tesserati \u00e8 in corso una campagna con promozioni e sconti nelle attivit\u00e0 della zona.<\/p>\n\n\n\n<p><a href=\"https:\/\/moltrasioasd.it\/index.php\/io-sto-con-voi\/\" data-type=\"page\" data-id=\"97\">Clicca qui per tutte le info sulla campagna &#8220;IO STO CON VOI&#8221;<\/a><\/p>\n\n\n\n<div class=\"wp-block-columns\">\n<div class=\"wp-block-column\">\n<figure class=\"wp-block-image size-medium\"><img loading=\"lazy\" width=\"300\" height=\"199\" src=\"https:\/\/moltrasioasd.it\/wp-content\/uploads\/2021\/09\/tessere-asd-21-22ffs-1-300x199.jpg\" alt=\"\" class=\"wp-image-400\" srcset=\"https:\/\/moltrasioasd.it\/wp-content\/uploads\/2021\/09\/tessere-asd-21-22ffs-1-300x199.jpg 300w, https:\/\/moltrasioasd.it\/wp-content\/uploads\/2021\/09\/tessere-asd-21-22ffs-1-1024x679.jpg 1024w, https:\/\/moltrasioasd.it\/wp-content\/uploads\/2021\/09\/tessere-asd-21-22ffs-1-768x509.jpg 768w, https:\/\/moltrasioasd.it\/wp-content\/uploads\/2021\/09\/tessere-asd-21-22ffs-1-302x200.jpg 302w, https:\/\/moltrasioasd.it\/wp-content\/uploads\/2021\/09\/tessere-asd-21-22ffs-1.jpg 1051w\" sizes=\"(max-width: 300px) 100vw, 300px\" \/><\/figure>\n<\/div>\n\n\n\n<div class=\"wp-block-column\">\n<figure class=\"wp-block-image size-medium\"><img loading=\"lazy\" width=\"300\" height=\"199\" src=\"https:\/\/moltrasioasd.it\/wp-content\/uploads\/2021\/09\/tessere-asd-21-22fs-300x199.jpg\" alt=\"\" class=\"wp-image-401\" srcset=\"https:\/\/moltrasioasd.it\/wp-content\/uploads\/2021\/09\/tessere-asd-21-22fs-300x199.jpg 300w, https:\/\/moltrasioasd.it\/wp-content\/uploads\/2021\/09\/tessere-asd-21-22fs-1024x679.jpg 1024w, https:\/\/moltrasioasd.it\/wp-content\/uploads\/2021\/09\/tessere-asd-21-22fs-768x509.jpg 768w, https:\/\/moltrasioasd.it\/wp-content\/uploads\/2021\/09\/tessere-asd-21-22fs-302x200.jpg 302w, https:\/\/moltrasioasd.it\/wp-content\/uploads\/2021\/09\/tessere-asd-21-22fs.jpg 1051w\" sizes=\"(max-width: 300px) 100vw, 300px\" \/><\/figure>\n\n\n\n<p><\/p>\n<\/div>\n<\/div>\n\n\n\n<p> <\/p>\n","protected":false},"excerpt":{"rendered":"<p>Diventa anche tu un sostenitore della Moltrasio ASD, il tuo aiuto \u00e8 prezioso per l&#8217;organizzazione delle gare e per gli allenamenti dei nostri ragazzi oltre che per tutte le attivit\u00e0 di aggregazione sostenute dalla societ\u00e0. Sei interessato a ricevere la tessera?Richiedila scrivendo a info@moltrasioasd.it e inserendo nell\u2019oggetto della mail \u201cRICHIESTA &hellip;<\/p>\n","protected":false},"author":1,"featured_media":0,"parent":0,"menu_order":0,"comment_status":"closed","ping_status":"closed","template":"","meta":{"_expiration-date-status":"","_expiration-date":0,"_expiration-date-type":"","_expiration-date-categories":[],"_expiration-date-options":[]},"_links":{"self":[{"href":"https:\/\/moltrasioasd.it\/index.php\/wp-json\/wp\/v2\/pages\/395"}],"collection":[{"href":"https:\/\/moltrasioasd.it\/index.php\/wp-json\/wp\/v2\/pages"}],"about":[{"href":"https:\/\/moltrasioasd.it\/index.php\/wp-json\/wp\/v2\/types\/page"}],"author":[{"embeddable":true,"href":"https:\/\/moltrasioasd.it\/index.php\/wp-json\/wp\/v2\/users\/1"}],"replies":[{"embeddable":true,"href":"https:\/\/moltrasioasd.it\/index.php\/wp-json\/wp\/v2\/comments?post=395"}],"version-history":[{"count":3,"href":"https:\/\/moltrasioasd.it\/index.php\/wp-json\/wp\/v2\/pages\/395\/revisions"}],"predecessor-version":[{"id":404,"href":"https:\/\/moltrasioasd.it\/index.php\/wp-json\/wp\/v2\/pages\/395\/revisions\/404"}],"wp:attachment":[{"href":"https:\/\/moltrasioasd.it\/index.php\/wp-json\/wp\/v2\/media?parent=395"}],"curies":[{"name":"wp","href":"https:\/\/api.w.org\/{rel}","templated":true}]}}